{"id":345,"date":"2025-03-25T11:22:53","date_gmt":"2025-03-25T10:22:53","guid":{"rendered":"https:\/\/vetjobs24.com\/magazin\/?page_id=345"},"modified":"2025-12-12T12:53:22","modified_gmt":"2025-12-12T11:53:22","slug":"jobmesse-tiermedizin-jobboerse-veterinaermedizin","status":"publish","type":"page","link":"https:\/\/vetjobs24.com\/magazin\/jobmesse-tiermedizin-jobboerse-veterinaermedizin","title":{"rendered":"Jobb\u00f6rse Tiermedizin &#8211; Jobmesse f\u00fcr Veterin\u00e4rmedizin"},"content":{"rendered":"<section id=\"bt_bb_section69e008df58b2c\" class=\"bt_bb_section bt_bb_layout_boxed_1200\"  data-bt-override-class=\"null\"><div class=\"bt_bb_port\"><div class=\"bt_bb_cell\"><div class=\"bt_bb_cell_inner\"><div class=\"bt_bb_row \"  data-bt-override-class=\"{}\"><div class=\"bt_bb_row_holder\" ><div  class=\"bt_bb_column col-xxl-12 col-xl-12 col-xs-12 col-sm-12 col-md-12 col-lg-12 bt_bb_vertical_align_top bt_bb_align_left bt_bb_padding_normal\" style=\"; --column-width:12;\" data-width=\"12\" data-bt-override-class=\"{}\"><div class=\"bt_bb_column_content\"><div class=\"bt_bb_column_content_inner\"><div data-bb-version=\"5.1.4\" class=\"bt_bb_image bt_bb_shape_square bt_bb_target_self bt_bb_align_center bt_bb_hover_style_simple bt_bb_content_display_always bt_bb_content_align_middle bt_bb_animation_fade_in animate\" style=\"margin-top: -5px; margin-bottom: 5px;\" data-bt-override-class=\"{&quot;bt_bb_align_&quot;:{&quot;current_class&quot;:&quot;bt_bb_align_center&quot;,&quot;def&quot;:&quot;center&quot;},&quot;bt_bb_content_display_&quot;:{&quot;current_class&quot;:&quot;bt_bb_content_display_always&quot;,&quot;def&quot;:&quot;always&quot;}}\"><span><img loading=\"lazy\" decoding=\"async\" width=\"500\" height=\"79\" src=\"https:\/\/vetjobs24.com\/magazin\/wp-content\/uploads\/Logo_vetjobs24-Career-Corner-fin-transparent-01-500x79.png\" class=\"attachment-medium size-medium\" alt=\"https:\/\/vetjobs24.com\/magazin\/wp-content\/uploads\/Logo_vetjobs24-Career-Corner-fin-transparent-01-500x79.png\" data-full_image_src=\"https:\/\/vetjobs24.com\/magazin\/wp-content\/uploads\/Logo_vetjobs24-Career-Corner-fin-transparent-01.png\" title=\"Logo_vetjobs24 Career Corner fin transparent-01\" srcset=\"https:\/\/vetjobs24.com\/magazin\/wp-content\/uploads\/Logo_vetjobs24-Career-Corner-fin-transparent-01-500x79.png 500w, https:\/\/vetjobs24.com\/magazin\/wp-content\/uploads\/Logo_vetjobs24-Career-Corner-fin-transparent-01-1500x237.png 1500w, https:\/\/vetjobs24.com\/magazin\/wp-content\/uploads\/Logo_vetjobs24-Career-Corner-fin-transparent-01-768x121.png 768w, https:\/\/vetjobs24.com\/magazin\/wp-content\/uploads\/Logo_vetjobs24-Career-Corner-fin-transparent-01-1536x243.png 1536w, https:\/\/vetjobs24.com\/magazin\/wp-content\/uploads\/Logo_vetjobs24-Career-Corner-fin-transparent-01-2048x324.png 2048w, https:\/\/vetjobs24.com\/magazin\/wp-content\/uploads\/Logo_vetjobs24-Career-Corner-fin-transparent-01-1200x190.png 1200w, https:\/\/vetjobs24.com\/magazin\/wp-content\/uploads\/Logo_vetjobs24-Career-Corner-fin-transparent-01-1980x313.png 1980w\" sizes=\"auto, (max-width: 500px) 100vw, 500px\" \/><\/span><\/div><div class=\"bt_bb_raw_content\"><video \n  class=\"video-block\"\n  controls\n  poster=\"\/magazin\/wp-content\/uploads\/poster-v11.jpg\"\n  preload=\"metadata\">\n  <source src=\"\/magazin\/wp-content\/uploads\/vetjobs24-review.mp4\" type=\"video\/mp4\">\n  Dein Browser unterst\u00fctzt kein HTML5-Video.\n<\/video>\n<\/div><div  class=\"bt_bb_text\" ><\/p>\n<h1 style=\"text-align: center\">Die Jobmesse Nr. 1 f\u00fcr Tiermedizin<\/h1>\n<p>Die vetjobs24 CAREER CORNER ist die f\u00fchrende Jobmesse f\u00fcr (angehende) Tier\u00e4rzt:innen, Praxismanager:innen, TFAs und Praktikant:innen im deutschsprachigen Raum. F\u00fcr alle, die sich orientieren wollen. Sie findet im Rahmen des Leipziger Tier\u00e4rztekongresses statt \u2013 einem der gr\u00f6\u00dften Branchentreffs in Europa. Der Besuch der vetjobs24 CAREER CORNER ist sowohl im Kongressticket als auch im separaten Ticket f\u00fcr die Fachmesse vetexpo europe inbegriffen und ohne Anmeldung m\u00f6glich.<\/p>\n<p><strong>Wie auf einem Wochenmarkt treffen sich an Arbeitgeber-St\u00e4nden Interessierte aus der Tiermedizin zum entspannten Austausch \u00fcber eine m\u00f6gliche Zusammenarbeit.<\/strong><\/p>\n<p>\n<\/div><\/div><\/div><\/div><\/div><\/div><div data-bb-version=\"5.1.4\" class=\"bt_bb_row \"  data-bt-override-class=\"{}\"><div class=\"bt_bb_row_holder\" ><div data-bb-version=\"5.1.4\"  class=\"bt_bb_column col-xxl-6 col-xl-6 col-xs-12 col-sm-6 col-md-6 col-lg-6 order-mobile-1 bt_bb_vertical_align_top bt_bb_align_left bt_bb_padding_none\" style=\"; --column-width:6;\" data-width=\"6\" data-bt-override-class=\"{&quot;bt_bb_align_&quot;:{&quot;current_class&quot;:&quot;bt_bb_align_left&quot;,&quot;def&quot;:&quot;left&quot;},&quot;bt_bb_padding_&quot;:{&quot;current_class&quot;:&quot;bt_bb_padding_none&quot;,&quot;def&quot;:&quot;none&quot;}}\"><div class=\"bt_bb_column_content\"><div class=\"bt_bb_column_content_inner\"><div data-bb-version=\"5.1.4\"  class=\"bt_bb_text\" ><\/p>\n<h2>Angebote f\u00fcr Aussteller<\/h2>\n<p>Auf der vetjobs24 CAREER CORNER haben Sie die ideale Gelegenheit, sich als attraktiver Arbeitgeber vorzustellen, sowohl aktuelle Stellenangebote zu pr\u00e4sentieren und als auch f\u00fcr mittelfristigen Bewerbungszufluss zu sorgen. Stellen Sie den direkten, pers\u00f6nlichen Kontakt mit dem veterin\u00e4rmedizinischen Nachwuchs und erfahrenen Tiermediziner:innen sowie Praxismanager:innen her. So sichern Sie die Zukunft Ihres Unternehmens. Mit ihrem einzigartigen Angebot bringt die vetjobs24 CAREER CORNER Stellenanbietende und potentielle Mitarbeitende aus allen Bereichen der Veterin\u00e4rmedizin in ungezwungenem Rahmen zusammen. Eine Chance, die Sie sich nicht entgehen lassen sollten!<\/p>\n<p>Die Aussteller erhalten neben dem attraktiven Rahmenprogramm die rundum Betreuung inklusive Catering durch das Kompetenzteam von Hardenberg Consulting.<\/p>\n<p>Die erfahrenen Hardenberg Consulting Personalberater stehen vor Ort f\u00fcr spontane Einzelgespr\u00e4che zur Verf\u00fcgung.<\/p>\n<p>\n<\/div><\/div><\/div><\/div><div data-bb-version=\"5.1.4\"  class=\"bt_bb_column col-xxl-6 col-xl-6 col-xs-12 col-sm-6 col-md-6 col-lg-6 order-md-2 bt_bb_vertical_align_top bt_bb_align_left bt_bb_padding_none\" style=\"; --column-width:6;\" data-width=\"6\" data-bt-override-class=\"{&quot;bt_bb_align_&quot;:{&quot;current_class&quot;:&quot;bt_bb_align_left&quot;,&quot;def&quot;:&quot;left&quot;},&quot;bt_bb_padding_&quot;:{&quot;current_class&quot;:&quot;bt_bb_padding_none&quot;,&quot;def&quot;:&quot;none&quot;}}\"><div class=\"bt_bb_column_content\"><div class=\"bt_bb_column_content_inner\"><div data-bb-version=\"5.1.4\" class=\"bt_bb_image content-img bt_bb_shape_square bt_bb_target_self bt_bb_align_inherit bt_bb_hover_style_simple bt_bb_content_display_always bt_bb_content_align_middle\" data-bt-override-class=\"{&quot;bt_bb_align_&quot;:{&quot;current_class&quot;:&quot;bt_bb_align_inherit&quot;,&quot;def&quot;:&quot;inherit&quot;},&quot;bt_bb_content_display_&quot;:{&quot;current_class&quot;:&quot;bt_bb_content_display_always&quot;,&quot;def&quot;:&quot;always&quot;}}\"><span><img loading=\"lazy\" decoding=\"async\" width=\"2560\" height=\"1707\" src=\"https:\/\/vetjobs24.com\/magazin\/wp-content\/uploads\/Bild_1-min-scaled.jpg\" class=\"attachment-full size-full\" alt=\"https:\/\/vetjobs24.com\/magazin\/wp-content\/uploads\/Bild_1-min-scaled.jpg\" data-full_image_src=\"https:\/\/vetjobs24.com\/magazin\/wp-content\/uploads\/Bild_1-min-scaled.jpg\" title=\"Bild_1-min\" srcset=\"https:\/\/vetjobs24.com\/magazin\/wp-content\/uploads\/Bild_1-min-scaled.jpg 2560w, https:\/\/vetjobs24.com\/magazin\/wp-content\/uploads\/Bild_1-min-500x333.jpg 500w, https:\/\/vetjobs24.com\/magazin\/wp-content\/uploads\/Bild_1-min-1500x1000.jpg 1500w, https:\/\/vetjobs24.com\/magazin\/wp-content\/uploads\/Bild_1-min-768x512.jpg 768w, https:\/\/vetjobs24.com\/magazin\/wp-content\/uploads\/Bild_1-min-1536x1024.jpg 1536w, https:\/\/vetjobs24.com\/magazin\/wp-content\/uploads\/Bild_1-min-2048x1365.jpg 2048w, https:\/\/vetjobs24.com\/magazin\/wp-content\/uploads\/Bild_1-min-1200x800.jpg 1200w, https:\/\/vetjobs24.com\/magazin\/wp-content\/uploads\/Bild_1-min-1980x1320.jpg 1980w\" sizes=\"auto, (max-width: 2560px) 100vw, 2560px\" \/><\/span><\/div><\/div><\/div><\/div><\/div><\/div><div data-bb-version=\"5.1.4\" class=\"bt_bb_row  content-row\"  data-bt-override-class=\"{}\"><div class=\"bt_bb_row_holder\" ><div data-bb-version=\"5.1.4\"  class=\"bt_bb_column col-xxl-6 col-xl-6 col-xs-12 col-sm-6 col-md-6 col-lg-6 order-mobile-2 bt_bb_vertical_align_top bt_bb_align_left bt_bb_padding_none\" style=\"; --column-width:6;\" data-width=\"6\" data-bt-override-class=\"{&quot;bt_bb_align_&quot;:{&quot;current_class&quot;:&quot;bt_bb_align_left&quot;,&quot;def&quot;:&quot;left&quot;},&quot;bt_bb_padding_&quot;:{&quot;current_class&quot;:&quot;bt_bb_padding_none&quot;,&quot;def&quot;:&quot;none&quot;}}\"><div class=\"bt_bb_column_content\"><div class=\"bt_bb_column_content_inner\"><div data-bb-version=\"5.1.4\" class=\"bt_bb_image content-img bt_bb_shape_square bt_bb_target_self bt_bb_align_inherit bt_bb_hover_style_simple bt_bb_content_display_always bt_bb_content_align_middle\" data-bt-override-class=\"{&quot;bt_bb_align_&quot;:{&quot;current_class&quot;:&quot;bt_bb_align_inherit&quot;,&quot;def&quot;:&quot;inherit&quot;},&quot;bt_bb_content_display_&quot;:{&quot;current_class&quot;:&quot;bt_bb_content_display_always&quot;,&quot;def&quot;:&quot;always&quot;}}\"><span><img loading=\"lazy\" decoding=\"async\" width=\"650\" height=\"488\" src=\"https:\/\/vetjobs24.com\/magazin\/wp-content\/uploads\/workshop-jobmesse.jpg\" class=\"attachment-full size-full\" alt=\"Workshop bei der Jobmesse f\u00fcr Veterin\u00e4rmedizin\" data-full_image_src=\"https:\/\/vetjobs24.com\/magazin\/wp-content\/uploads\/workshop-jobmesse.jpg\" title=\"workshop-jobmesse\" srcset=\"https:\/\/vetjobs24.com\/magazin\/wp-content\/uploads\/workshop-jobmesse.jpg 650w, https:\/\/vetjobs24.com\/magazin\/wp-content\/uploads\/workshop-jobmesse-500x375.jpg 500w\" sizes=\"auto, (max-width: 650px) 100vw, 650px\" \/><\/span><\/div><\/div><\/div><\/div><div data-bb-version=\"5.1.4\"  class=\"bt_bb_column col-xxl-6 col-xl-6 col-xs-12 col-sm-6 col-md-6 col-lg-6 order-mobile-1 bt_bb_vertical_align_top bt_bb_align_left bt_bb_padding_none\" style=\"; --column-width:6;\" data-width=\"6\" data-bt-override-class=\"{&quot;bt_bb_align_&quot;:{&quot;current_class&quot;:&quot;bt_bb_align_left&quot;,&quot;def&quot;:&quot;left&quot;},&quot;bt_bb_padding_&quot;:{&quot;current_class&quot;:&quot;bt_bb_padding_none&quot;,&quot;def&quot;:&quot;none&quot;}}\"><div class=\"bt_bb_column_content\"><div class=\"bt_bb_column_content_inner\"><div data-bb-version=\"5.1.4\"  class=\"bt_bb_text\" ><\/p>\n<h2>Angebote f\u00fcr Besucher<\/h2>\n<p>Auf der vetjobs24 CAREER CORNER stellen Sie den direkten, pers\u00f6nlichen Kontakt zu potentiellen Arbeitgebern aus Praxis, Klinik, Industrie und dem \u00f6ffentlichen Dienst her.<\/p>\n<p><strong>Ohne zeitintensive Vorbereitung, Erstellung von Bewerbungsunterlagen und Extra-Anreise.<\/strong><\/p>\n<p>Alternativ sind \u00fcber die \u201eMeet &amp; Match\u201c-Funktion auf <a href=\"http:\/\/vetjobs24.com\" target=\"_blank\" rel=\"noopener\">www.vetjobs24.com<\/a> auch Terminvereinbarungen m\u00f6glich.<\/p>\n<p><a href=\"\/magazin\/wp-content\/uploads\/Aussteller-der-vetjobs24-CAREER-CORNER-seit-2020-1.pdf\" target=\"_blank\" rel=\"noopener\">Aussteller der vetjobs24 CAREER CORNER seit 2020<\/a><\/p>\n<p>Die erfahrenen Hardenberg Consulting Karriereberater stehen vor Ort f\u00fcr spontane Einzelgespr\u00e4che zur Verf\u00fcgung.<\/p>\n<p>F\u00fcr Studierende gibt es die M\u00f6glichkeit einer kostenfreien Anreise \u2013 sponsored by Dechra.<\/p>\n<p>\n<\/div><\/div><\/div><\/div><\/div><\/div><div data-bb-version=\"5.1.4\" class=\"bt_bb_row \"  data-bt-override-class=\"{}\"><div class=\"bt_bb_row_holder\" ><div data-bb-version=\"5.1.4\"  class=\"bt_bb_column col-xxl-6 col-xl-6 col-xs-12 col-sm-6 col-md-6 col-lg-6 order-mobile-1 bt_bb_vertical_align_top bt_bb_align_left bt_bb_padding_none\" style=\"; --column-width:6;\" data-width=\"6\" data-bt-override-class=\"{&quot;bt_bb_align_&quot;:{&quot;current_class&quot;:&quot;bt_bb_align_left&quot;,&quot;def&quot;:&quot;left&quot;},&quot;bt_bb_padding_&quot;:{&quot;current_class&quot;:&quot;bt_bb_padding_none&quot;,&quot;def&quot;:&quot;none&quot;}}\"><div class=\"bt_bb_column_content\"><div class=\"bt_bb_column_content_inner\"><div data-bb-version=\"5.1.4\"  class=\"bt_bb_text\" ><\/p>\n<h2>Attraktives kostenfreies Rahmenprogramm<\/h2>\n<ul>\n<li>Workshops<br \/><a href=\"\/magazin\/wp-content\/uploads\/Workshop-Programm_2026.pdf\" target=\"_blank\" rel=\"noopener\">Hier geht\u2019s zum Workshop-Programm<\/a><\/li>\n<li>Berufsorientierungstag, Samstag, 17.01.2026, f\u00fcr Berufs(wieder-)Einsteiger, Studenten und internationale Tierarzt:innen m\u00f6chten. Wir bieten euch spannende Einblicke in die vielf\u00e4ltigen M\u00f6glichkeiten der tier\u00e4rztlichen Berufsaus\u00fcbung bieten! Renommierte Vortragende aus den verschiedensten Fachgebieten wie Pharmaindustrie, Forschung, Medizintechnik sowie Praxisnetzwerken geben hautnah Einblick in Ihre Arbeitswelten. <a href=\"\/magazin\/wp-content\/uploads\/Programm-BOT-17.01.2026_final.pdf\" target=\"_blank\" rel=\"noopener\">Hier geht\u2019s zum BOT Programm<\/a><\/li>\n<li>vetjobs24 AFTER-WORK-PARTY \u2013 das ungezwungene Socialising-Event und die geniale Gelegenheit um berufliches Networking und Feiern mit tiermedizinischen Kolleg*innen zu verbinden. Donnerstag, <strong>15.01.2026, <\/strong>18:00 \u2013 21:00 Uhr auf der vetjobs24 C<strong>AREER CORNER, Halle 2, Stand F30.<\/strong><\/li>\n<\/ul>\n<p>\n<\/div><\/div><\/div><\/div><div data-bb-version=\"5.1.4\"  class=\"bt_bb_column col-xxl-6 col-xl-6 col-xs-12 col-sm-6 col-md-6 col-lg-6 order-mobile-2 bt_bb_vertical_align_top bt_bb_align_left bt_bb_padding_none\" style=\"; --column-width:6;\" data-width=\"6\" data-bt-override-class=\"{&quot;bt_bb_align_&quot;:{&quot;current_class&quot;:&quot;bt_bb_align_left&quot;,&quot;def&quot;:&quot;left&quot;},&quot;bt_bb_padding_&quot;:{&quot;current_class&quot;:&quot;bt_bb_padding_none&quot;,&quot;def&quot;:&quot;none&quot;}}\"><div class=\"bt_bb_column_content\"><div class=\"bt_bb_column_content_inner\"><div data-bb-version=\"5.1.4\" class=\"bt_bb_image content-img bt_bb_shape_square bt_bb_target_self bt_bb_align_inherit bt_bb_hover_style_simple bt_bb_content_display_always bt_bb_content_align_middle\" data-bt-override-class=\"{&quot;bt_bb_align_&quot;:{&quot;current_class&quot;:&quot;bt_bb_align_inherit&quot;,&quot;def&quot;:&quot;inherit&quot;},&quot;bt_bb_content_display_&quot;:{&quot;current_class&quot;:&quot;bt_bb_content_display_always&quot;,&quot;def&quot;:&quot;always&quot;}}\"><span><img loading=\"lazy\" decoding=\"async\" width=\"1239\" height=\"713\" src=\"https:\/\/vetjobs24.com\/magazin\/wp-content\/uploads\/career-patry.jpg\" class=\"attachment-full size-full\" alt=\"Party auf der Jobboerse\" data-full_image_src=\"https:\/\/vetjobs24.com\/magazin\/wp-content\/uploads\/career-patry.jpg\" title=\"career-patry\" srcset=\"https:\/\/vetjobs24.com\/magazin\/wp-content\/uploads\/career-patry.jpg 1239w, https:\/\/vetjobs24.com\/magazin\/wp-content\/uploads\/career-patry-500x288.jpg 500w, https:\/\/vetjobs24.com\/magazin\/wp-content\/uploads\/career-patry-768x442.jpg 768w, https:\/\/vetjobs24.com\/magazin\/wp-content\/uploads\/career-patry-1200x691.jpg 1200w\" sizes=\"auto, (max-width: 1239px) 100vw, 1239px\" \/><\/span><\/div><\/div><\/div><\/div><\/div><\/div><div data-bb-version=\"5.1.4\" class=\"bt_bb_row \"  data-bt-override-class=\"{}\"><div class=\"bt_bb_row_holder\" ><div data-bb-version=\"5.1.4\"  class=\"bt_bb_column col-xxl-12 col-xl-12 col-xs-12 col-sm-12 col-md-12 col-lg-12 bt_bb_vertical_align_top bt_bb_align_left bt_bb_padding_normal\" style=\"; --column-width:12;\" data-width=\"12\" data-bt-override-class=\"{}\"><div class=\"bt_bb_column_content\"><div class=\"bt_bb_column_content_inner\"><div data-bb-version=\"5.1.4\"  class=\"bt_bb_text\" ><\/p>\n<p><strong>Hier finden wichtige Weichenstellungen f\u00fcr Ihre berufliche Zukunft statt.<br \/>\nvetjobs24 Career Corner in Kooperation mit Hardenberg Consulting.<\/strong><\/p>\n<h2>Sie haben Fragen zur Career Corner?<\/h2>\n<p><strong>Ihre Ansprechpartnerin<\/strong><br \/>\nFrau Andrea Schmid<br \/>\nHardenberg Consulting GmbH<br \/>\nTel.: +49 8178 998641-0<br \/>\n<a href=\"blank\">schmid@hardenberg-consulting.com<\/a><\/p>\n<p>\n<\/div><\/div><\/div><\/div><\/div><\/div><\/div><!-- cell_inner --><\/div><!-- cell --><\/div><!-- port --><\/section>\n","protected":false},"excerpt":{"rendered":"","protected":false},"author":3,"featured_media":0,"parent":0,"menu_order":0,"comment_status":"closed","ping_status":"closed","template":"","meta":{"footnotes":""},"class_list":["post-345","page","type-page","status-publish","hentry"],"yoast_head":"<!-- This site is optimized with the Yoast SEO plugin v27.3 - https:\/\/yoast.com\/product\/yoast-seo-wordpress\/ -->\n<title>Jobmesse Tiermedizin - Jobb\u00f6rse f\u00fcr Veterin\u00e4rmedizin<\/title>\n<meta name=\"description\" content=\"Die Career Corner von vetjobs24 ist eine Jobb\u00f6rse f\u00fcr Tiermediziner. Jobmesse f\u00fcr die Veterin\u00e4rmedizin. F\u00fcr Arbeitgeber und Jobsuchende.\" \/>\n<meta name=\"robots\" content=\"index, follow, max-snippet:-1, max-image-preview:large, max-video-preview:-1\" \/>\n<link rel=\"canonical\" href=\"https:\/\/vetjobs24.com\/magazin\/jobmesse-tiermedizin-jobboerse-veterinaermedizin\" \/>\n<meta property=\"og:locale\" content=\"de_DE\" \/>\n<meta property=\"og:type\" content=\"article\" \/>\n<meta property=\"og:title\" content=\"Jobmesse Tiermedizin - Jobb\u00f6rse f\u00fcr Veterin\u00e4rmedizin\" \/>\n<meta property=\"og:description\" content=\"Die Career Corner von vetjobs24 ist eine Jobb\u00f6rse f\u00fcr Tiermediziner. Jobmesse f\u00fcr die Veterin\u00e4rmedizin. F\u00fcr Arbeitgeber und Jobsuchende.\" \/>\n<meta property=\"og:url\" content=\"https:\/\/vetjobs24.com\/magazin\/jobmesse-tiermedizin-jobboerse-veterinaermedizin\" \/>\n<meta property=\"og:site_name\" content=\"Vetjobs24\" \/>\n<meta property=\"article:modified_time\" content=\"2025-12-12T11:53:22+00:00\" \/>\n<meta name=\"twitter:card\" content=\"summary_large_image\" \/>\n<meta name=\"twitter:label1\" content=\"Gesch\u00e4tzte Lesezeit\" \/>\n\t<meta name=\"twitter:data1\" content=\"4\u00a0Minuten\" \/>\n<script type=\"application\/ld+json\" class=\"yoast-schema-graph\">{\"@context\":\"https:\\\/\\\/schema.org\",\"@graph\":[{\"@type\":\"WebPage\",\"@id\":\"https:\\\/\\\/vetjobs24.com\\\/magazin\\\/jobmesse-tiermedizin-jobboerse-veterinaermedizin\",\"url\":\"https:\\\/\\\/vetjobs24.com\\\/magazin\\\/jobmesse-tiermedizin-jobboerse-veterinaermedizin\",\"name\":\"Jobmesse Tiermedizin - Jobb\u00f6rse f\u00fcr Veterin\u00e4rmedizin\",\"isPartOf\":{\"@id\":\"https:\\\/\\\/vetjobs24.com\\\/magazin\\\/#website\"},\"datePublished\":\"2025-03-25T10:22:53+00:00\",\"dateModified\":\"2025-12-12T11:53:22+00:00\",\"description\":\"Die Career Corner von vetjobs24 ist eine Jobb\u00f6rse f\u00fcr Tiermediziner. Jobmesse f\u00fcr die Veterin\u00e4rmedizin. F\u00fcr Arbeitgeber und Jobsuchende.\",\"breadcrumb\":{\"@id\":\"https:\\\/\\\/vetjobs24.com\\\/magazin\\\/jobmesse-tiermedizin-jobboerse-veterinaermedizin#breadcrumb\"},\"inLanguage\":\"de\",\"potentialAction\":[{\"@type\":\"ReadAction\",\"target\":[\"https:\\\/\\\/vetjobs24.com\\\/magazin\\\/jobmesse-tiermedizin-jobboerse-veterinaermedizin\"]}]},{\"@type\":\"BreadcrumbList\",\"@id\":\"https:\\\/\\\/vetjobs24.com\\\/magazin\\\/jobmesse-tiermedizin-jobboerse-veterinaermedizin#breadcrumb\",\"itemListElement\":[{\"@type\":\"ListItem\",\"position\":1,\"name\":\"Home\",\"item\":\"https:\\\/\\\/vetjobs24.com\\\/magazin\\\/\"},{\"@type\":\"ListItem\",\"position\":2,\"name\":\"Jobb\u00f6rse Tiermedizin &#8211; Jobmesse f\u00fcr Veterin\u00e4rmedizin\"}]},{\"@type\":\"WebSite\",\"@id\":\"https:\\\/\\\/vetjobs24.com\\\/magazin\\\/#website\",\"url\":\"https:\\\/\\\/vetjobs24.com\\\/magazin\\\/\",\"name\":\"Vetjobs24\",\"description\":\"\",\"publisher\":{\"@id\":\"https:\\\/\\\/vetjobs24.com\\\/magazin\\\/#organization\"},\"potentialAction\":[{\"@type\":\"SearchAction\",\"target\":{\"@type\":\"EntryPoint\",\"urlTemplate\":\"https:\\\/\\\/vetjobs24.com\\\/magazin\\\/?s={search_term_string}\"},\"query-input\":{\"@type\":\"PropertyValueSpecification\",\"valueRequired\":true,\"valueName\":\"search_term_string\"}}],\"inLanguage\":\"de\"},{\"@type\":\"Organization\",\"@id\":\"https:\\\/\\\/vetjobs24.com\\\/magazin\\\/#organization\",\"name\":\"Hardenberg Consulting GmbH\",\"url\":\"https:\\\/\\\/vetjobs24.com\\\/magazin\\\/\",\"logo\":{\"@type\":\"ImageObject\",\"inLanguage\":\"de\",\"@id\":\"https:\\\/\\\/vetjobs24.com\\\/magazin\\\/#\\\/schema\\\/logo\\\/image\\\/\",\"url\":\"https:\\\/\\\/vetjobs24.com\\\/magazin\\\/wp-content\\\/uploads\\\/2021\\\/02\\\/logo_vetjobs24.png\",\"contentUrl\":\"https:\\\/\\\/vetjobs24.com\\\/magazin\\\/wp-content\\\/uploads\\\/2021\\\/02\\\/logo_vetjobs24.png\",\"width\":148,\"height\":55,\"caption\":\"Hardenberg Consulting GmbH\"},\"image\":{\"@id\":\"https:\\\/\\\/vetjobs24.com\\\/magazin\\\/#\\\/schema\\\/logo\\\/image\\\/\"}}]}<\/script>\n<!-- \/ Yoast SEO plugin. -->","yoast_head_json":{"title":"Jobmesse Tiermedizin - Jobb\u00f6rse f\u00fcr Veterin\u00e4rmedizin","description":"Die Career Corner von vetjobs24 ist eine Jobb\u00f6rse f\u00fcr Tiermediziner. Jobmesse f\u00fcr die Veterin\u00e4rmedizin. F\u00fcr Arbeitgeber und Jobsuchende.","robots":{"index":"index","follow":"follow","max-snippet":"max-snippet:-1","max-image-preview":"max-image-preview:large","max-video-preview":"max-video-preview:-1"},"canonical":"https:\/\/vetjobs24.com\/magazin\/jobmesse-tiermedizin-jobboerse-veterinaermedizin","og_locale":"de_DE","og_type":"article","og_title":"Jobmesse Tiermedizin - Jobb\u00f6rse f\u00fcr Veterin\u00e4rmedizin","og_description":"Die Career Corner von vetjobs24 ist eine Jobb\u00f6rse f\u00fcr Tiermediziner. Jobmesse f\u00fcr die Veterin\u00e4rmedizin. F\u00fcr Arbeitgeber und Jobsuchende.","og_url":"https:\/\/vetjobs24.com\/magazin\/jobmesse-tiermedizin-jobboerse-veterinaermedizin","og_site_name":"Vetjobs24","article_modified_time":"2025-12-12T11:53:22+00:00","twitter_card":"summary_large_image","twitter_misc":{"Gesch\u00e4tzte Lesezeit":"4\u00a0Minuten"},"schema":{"@context":"https:\/\/schema.org","@graph":[{"@type":"WebPage","@id":"https:\/\/vetjobs24.com\/magazin\/jobmesse-tiermedizin-jobboerse-veterinaermedizin","url":"https:\/\/vetjobs24.com\/magazin\/jobmesse-tiermedizin-jobboerse-veterinaermedizin","name":"Jobmesse Tiermedizin - Jobb\u00f6rse f\u00fcr Veterin\u00e4rmedizin","isPartOf":{"@id":"https:\/\/vetjobs24.com\/magazin\/#website"},"datePublished":"2025-03-25T10:22:53+00:00","dateModified":"2025-12-12T11:53:22+00:00","description":"Die Career Corner von vetjobs24 ist eine Jobb\u00f6rse f\u00fcr Tiermediziner. Jobmesse f\u00fcr die Veterin\u00e4rmedizin. F\u00fcr Arbeitgeber und Jobsuchende.","breadcrumb":{"@id":"https:\/\/vetjobs24.com\/magazin\/jobmesse-tiermedizin-jobboerse-veterinaermedizin#breadcrumb"},"inLanguage":"de","potentialAction":[{"@type":"ReadAction","target":["https:\/\/vetjobs24.com\/magazin\/jobmesse-tiermedizin-jobboerse-veterinaermedizin"]}]},{"@type":"BreadcrumbList","@id":"https:\/\/vetjobs24.com\/magazin\/jobmesse-tiermedizin-jobboerse-veterinaermedizin#breadcrumb","itemListElement":[{"@type":"ListItem","position":1,"name":"Home","item":"https:\/\/vetjobs24.com\/magazin\/"},{"@type":"ListItem","position":2,"name":"Jobb\u00f6rse Tiermedizin &#8211; Jobmesse f\u00fcr Veterin\u00e4rmedizin"}]},{"@type":"WebSite","@id":"https:\/\/vetjobs24.com\/magazin\/#website","url":"https:\/\/vetjobs24.com\/magazin\/","name":"Vetjobs24","description":"","publisher":{"@id":"https:\/\/vetjobs24.com\/magazin\/#organization"},"potentialAction":[{"@type":"SearchAction","target":{"@type":"EntryPoint","urlTemplate":"https:\/\/vetjobs24.com\/magazin\/?s={search_term_string}"},"query-input":{"@type":"PropertyValueSpecification","valueRequired":true,"valueName":"search_term_string"}}],"inLanguage":"de"},{"@type":"Organization","@id":"https:\/\/vetjobs24.com\/magazin\/#organization","name":"Hardenberg Consulting GmbH","url":"https:\/\/vetjobs24.com\/magazin\/","logo":{"@type":"ImageObject","inLanguage":"de","@id":"https:\/\/vetjobs24.com\/magazin\/#\/schema\/logo\/image\/","url":"https:\/\/vetjobs24.com\/magazin\/wp-content\/uploads\/2021\/02\/logo_vetjobs24.png","contentUrl":"https:\/\/vetjobs24.com\/magazin\/wp-content\/uploads\/2021\/02\/logo_vetjobs24.png","width":148,"height":55,"caption":"Hardenberg Consulting GmbH"},"image":{"@id":"https:\/\/vetjobs24.com\/magazin\/#\/schema\/logo\/image\/"}}]}},"_links":{"self":[{"href":"https:\/\/vetjobs24.com\/magazin\/wp-json\/wp\/v2\/pages\/345","targetHints":{"allow":["GET"]}}],"collection":[{"href":"https:\/\/vetjobs24.com\/magazin\/wp-json\/wp\/v2\/pages"}],"about":[{"href":"https:\/\/vetjobs24.com\/magazin\/wp-json\/wp\/v2\/types\/page"}],"author":[{"embeddable":true,"href":"https:\/\/vetjobs24.com\/magazin\/wp-json\/wp\/v2\/users\/3"}],"replies":[{"embeddable":true,"href":"https:\/\/vetjobs24.com\/magazin\/wp-json\/wp\/v2\/comments?post=345"}],"version-history":[{"count":91,"href":"https:\/\/vetjobs24.com\/magazin\/wp-json\/wp\/v2\/pages\/345\/revisions"}],"predecessor-version":[{"id":511,"href":"https:\/\/vetjobs24.com\/magazin\/wp-json\/wp\/v2\/pages\/345\/revisions\/511"}],"wp:attachment":[{"href":"https:\/\/vetjobs24.com\/magazin\/wp-json\/wp\/v2\/media?parent=345"}],"curies":[{"name":"wp","href":"https:\/\/api.w.org\/{rel}","templated":true}]}}