{"id":452,"date":"2025-04-11T14:56:38","date_gmt":"2025-04-11T13:56:38","guid":{"rendered":"https:\/\/vetjobs24.com\/magazin\/?page_id=452"},"modified":"2025-12-12T12:54:29","modified_gmt":"2025-12-12T11:54:29","slug":"job-fair-for-veterinary-medicine","status":"publish","type":"page","link":"https:\/\/vetjobs24.com\/magazin\/job-fair-for-veterinary-medicine","title":{"rendered":"Job Fair for Veterinary Medicine"},"content":{"rendered":"<section id=\"bt_bb_section69d13367dce9e\" class=\"bt_bb_section bt_bb_layout_boxed_1200\"  data-bt-override-class=\"null\"><div class=\"bt_bb_port\"><div class=\"bt_bb_cell\"><div class=\"bt_bb_cell_inner\"><div class=\"bt_bb_row \"  data-bt-override-class=\"{}\"><div class=\"bt_bb_row_holder\" ><div  class=\"bt_bb_column col-xxl-12 col-xl-12 col-xs-12 col-sm-12 col-md-12 col-lg-12 bt_bb_vertical_align_top bt_bb_align_left bt_bb_padding_normal\" style=\"; --column-width:12;\" data-width=\"12\" data-bt-override-class=\"{}\"><div class=\"bt_bb_column_content\"><div class=\"bt_bb_column_content_inner\"><div data-bb-version=\"5.1.4\" class=\"bt_bb_image bt_bb_shape_square bt_bb_target_self bt_bb_align_center bt_bb_hover_style_simple bt_bb_content_display_always bt_bb_content_align_middle bt_bb_animation_fade_in animate\" style=\"margin-top: -5px; margin-bottom: 5px;\" data-bt-override-class=\"{&quot;bt_bb_align_&quot;:{&quot;current_class&quot;:&quot;bt_bb_align_center&quot;,&quot;def&quot;:&quot;center&quot;},&quot;bt_bb_content_display_&quot;:{&quot;current_class&quot;:&quot;bt_bb_content_display_always&quot;,&quot;def&quot;:&quot;always&quot;}}\"><span><img loading=\"lazy\" decoding=\"async\" width=\"500\" height=\"79\" src=\"https:\/\/vetjobs24.com\/magazin\/wp-content\/uploads\/Logo_vetjobs24-Career-Corner-fin-transparent-01-500x79.png\" class=\"attachment-medium size-medium\" alt=\"https:\/\/vetjobs24.com\/magazin\/wp-content\/uploads\/Logo_vetjobs24-Career-Corner-fin-transparent-01-500x79.png\" data-full_image_src=\"https:\/\/vetjobs24.com\/magazin\/wp-content\/uploads\/Logo_vetjobs24-Career-Corner-fin-transparent-01.png\" title=\"Logo_vetjobs24 Career Corner fin transparent-01\" srcset=\"https:\/\/vetjobs24.com\/magazin\/wp-content\/uploads\/Logo_vetjobs24-Career-Corner-fin-transparent-01-500x79.png 500w, https:\/\/vetjobs24.com\/magazin\/wp-content\/uploads\/Logo_vetjobs24-Career-Corner-fin-transparent-01-1500x237.png 1500w, https:\/\/vetjobs24.com\/magazin\/wp-content\/uploads\/Logo_vetjobs24-Career-Corner-fin-transparent-01-768x121.png 768w, https:\/\/vetjobs24.com\/magazin\/wp-content\/uploads\/Logo_vetjobs24-Career-Corner-fin-transparent-01-1536x243.png 1536w, https:\/\/vetjobs24.com\/magazin\/wp-content\/uploads\/Logo_vetjobs24-Career-Corner-fin-transparent-01-2048x324.png 2048w, https:\/\/vetjobs24.com\/magazin\/wp-content\/uploads\/Logo_vetjobs24-Career-Corner-fin-transparent-01-1200x190.png 1200w, https:\/\/vetjobs24.com\/magazin\/wp-content\/uploads\/Logo_vetjobs24-Career-Corner-fin-transparent-01-1980x313.png 1980w\" sizes=\"auto, (max-width: 500px) 100vw, 500px\" \/><\/span><\/div><div class=\"bt_bb_raw_content\"><video \n  class=\"video-block\"\n  controls\n  poster=\"\/magazin\/wp-content\/uploads\/poster-v11.jpg\"\n  preload=\"metadata\">\n  <source src=\"\/magazin\/wp-content\/uploads\/vetjobs24-review.mp4\" type=\"video\/mp4\">\n  Dein Browser unterst\u00fctzt kein HTML5-Video.\n<\/video>\n<\/div><div  class=\"bt_bb_text\" ><\/p>\n<h1 style=\"text-align: center\">The No. 1 Job Fair for Veterinary Medicine<\/h1>\n<p>The <strong>vetjobs24 CAREER CORNER<\/strong> is the leading job fair for (aspiring) veterinarians, practice managers, veterinary nurses and interns in the German-speaking world perfect for anyone looking to explore their career options.<\/p>\n<p>Held as part of the <strong>Leipzig Veterinary Congress<\/strong> \u2013 one of Europe\u2019s largest veterinary gatherings \u2013 the vetjobs24 CAREER CORNER is accessible with both the congress ticket and the separate vetexpo europe trade fair ticket, with no registration required.<\/p>\n<p>Much like a bustling marketplace, employers and veterinary professionals come together at dedicated booths, fostering informal yet meaningful discussions about potential collaborations.<\/p>\n<p>\u00a0<\/p>\n<p>\n<\/div><\/div><\/div><\/div><\/div><\/div><div data-bb-version=\"5.1.4\" class=\"bt_bb_row \"  data-bt-override-class=\"{}\"><div class=\"bt_bb_row_holder\" ><div data-bb-version=\"5.1.4\"  class=\"bt_bb_column col-xxl-6 col-xl-6 col-xs-12 col-sm-6 col-md-6 col-lg-6 order-mobile-1 bt_bb_vertical_align_top bt_bb_align_left bt_bb_padding_none\" style=\"; --column-width:6;\" data-width=\"6\" data-bt-override-class=\"{&quot;bt_bb_align_&quot;:{&quot;current_class&quot;:&quot;bt_bb_align_left&quot;,&quot;def&quot;:&quot;left&quot;},&quot;bt_bb_padding_&quot;:{&quot;current_class&quot;:&quot;bt_bb_padding_none&quot;,&quot;def&quot;:&quot;none&quot;}}\"><div class=\"bt_bb_column_content\"><div class=\"bt_bb_column_content_inner\"><div data-bb-version=\"5.1.4\"  class=\"bt_bb_text\" ><\/p>\n<h2>Opportunities for Exhibitors<\/h2>\n<p>The <strong>vetjobs24 CAREER CORNER<\/strong> offers the perfect opportunity to present your company as an attractive employer, showcase current job openings and build a pipeline for future talent. Engage directly with the next generation of veterinary professionals, as well as seasoned veterinarians and practice managers. This is a key opportunity to ensure the continued success and growth of your company.<\/p>\n<p>With its distinctive approach, the <strong>vetjobs24 CAREER CORNER<\/strong> brings together employers and potential employees from all sectors of veterinary medicine in a casual and engaging setting. It\u2019s an opportunity you won\u2019t want to miss!<\/p>\n<p>Exhibitors will benefit from an appealing program and comprehensive support, including catering, provided by the team of experts at <strong>Hardenberg Consulting<\/strong>. Experienced consultants will be on hand for spontaneous one-on-one conversations.<\/p>\n<p>\n<\/div><\/div><\/div><\/div><div data-bb-version=\"5.1.4\"  class=\"bt_bb_column col-xxl-6 col-xl-6 col-xs-12 col-sm-6 col-md-6 col-lg-6 order-md-2 bt_bb_vertical_align_top bt_bb_align_left bt_bb_padding_none\" style=\"; --column-width:6;\" data-width=\"6\" data-bt-override-class=\"{&quot;bt_bb_align_&quot;:{&quot;current_class&quot;:&quot;bt_bb_align_left&quot;,&quot;def&quot;:&quot;left&quot;},&quot;bt_bb_padding_&quot;:{&quot;current_class&quot;:&quot;bt_bb_padding_none&quot;,&quot;def&quot;:&quot;none&quot;}}\"><div class=\"bt_bb_column_content\"><div class=\"bt_bb_column_content_inner\"><div data-bb-version=\"5.1.4\" class=\"bt_bb_image content-img bt_bb_shape_square bt_bb_target_self bt_bb_align_inherit bt_bb_hover_style_simple bt_bb_content_display_always bt_bb_content_align_middle\" data-bt-override-class=\"{&quot;bt_bb_align_&quot;:{&quot;current_class&quot;:&quot;bt_bb_align_inherit&quot;,&quot;def&quot;:&quot;inherit&quot;},&quot;bt_bb_content_display_&quot;:{&quot;current_class&quot;:&quot;bt_bb_content_display_always&quot;,&quot;def&quot;:&quot;always&quot;}}\"><span><img loading=\"lazy\" decoding=\"async\" width=\"2560\" height=\"1707\" src=\"https:\/\/vetjobs24.com\/magazin\/wp-content\/uploads\/Bild_1-min-scaled.jpg\" class=\"attachment-full size-full\" alt=\"https:\/\/vetjobs24.com\/magazin\/wp-content\/uploads\/Bild_1-min-scaled.jpg\" data-full_image_src=\"https:\/\/vetjobs24.com\/magazin\/wp-content\/uploads\/Bild_1-min-scaled.jpg\" title=\"Bild_1-min\" srcset=\"https:\/\/vetjobs24.com\/magazin\/wp-content\/uploads\/Bild_1-min-scaled.jpg 2560w, https:\/\/vetjobs24.com\/magazin\/wp-content\/uploads\/Bild_1-min-500x333.jpg 500w, https:\/\/vetjobs24.com\/magazin\/wp-content\/uploads\/Bild_1-min-1500x1000.jpg 1500w, https:\/\/vetjobs24.com\/magazin\/wp-content\/uploads\/Bild_1-min-768x512.jpg 768w, https:\/\/vetjobs24.com\/magazin\/wp-content\/uploads\/Bild_1-min-1536x1024.jpg 1536w, https:\/\/vetjobs24.com\/magazin\/wp-content\/uploads\/Bild_1-min-2048x1365.jpg 2048w, https:\/\/vetjobs24.com\/magazin\/wp-content\/uploads\/Bild_1-min-1200x800.jpg 1200w, https:\/\/vetjobs24.com\/magazin\/wp-content\/uploads\/Bild_1-min-1980x1320.jpg 1980w\" sizes=\"auto, (max-width: 2560px) 100vw, 2560px\" \/><\/span><\/div><\/div><\/div><\/div><\/div><\/div><div data-bb-version=\"5.1.4\" class=\"bt_bb_row  content-row\"  data-bt-override-class=\"{}\"><div class=\"bt_bb_row_holder\" ><div data-bb-version=\"5.1.4\"  class=\"bt_bb_column col-xxl-6 col-xl-6 col-xs-12 col-sm-6 col-md-6 col-lg-6 order-mobile-2 bt_bb_vertical_align_top bt_bb_align_left bt_bb_padding_none\" style=\"; --column-width:6;\" data-width=\"6\" data-bt-override-class=\"{&quot;bt_bb_align_&quot;:{&quot;current_class&quot;:&quot;bt_bb_align_left&quot;,&quot;def&quot;:&quot;left&quot;},&quot;bt_bb_padding_&quot;:{&quot;current_class&quot;:&quot;bt_bb_padding_none&quot;,&quot;def&quot;:&quot;none&quot;}}\"><div class=\"bt_bb_column_content\"><div class=\"bt_bb_column_content_inner\"><div data-bb-version=\"5.1.4\" class=\"bt_bb_image content-img bt_bb_shape_square bt_bb_target_self bt_bb_align_inherit bt_bb_hover_style_simple bt_bb_content_display_always bt_bb_content_align_middle\" data-bt-override-class=\"{&quot;bt_bb_align_&quot;:{&quot;current_class&quot;:&quot;bt_bb_align_inherit&quot;,&quot;def&quot;:&quot;inherit&quot;},&quot;bt_bb_content_display_&quot;:{&quot;current_class&quot;:&quot;bt_bb_content_display_always&quot;,&quot;def&quot;:&quot;always&quot;}}\"><span><img loading=\"lazy\" decoding=\"async\" width=\"650\" height=\"488\" src=\"https:\/\/vetjobs24.com\/magazin\/wp-content\/uploads\/workshop-jobmesse.jpg\" class=\"attachment-full size-full\" alt=\"Workshop bei der Jobmesse f\u00fcr Veterin\u00e4rmedizin\" data-full_image_src=\"https:\/\/vetjobs24.com\/magazin\/wp-content\/uploads\/workshop-jobmesse.jpg\" title=\"workshop-jobmesse\" srcset=\"https:\/\/vetjobs24.com\/magazin\/wp-content\/uploads\/workshop-jobmesse.jpg 650w, https:\/\/vetjobs24.com\/magazin\/wp-content\/uploads\/workshop-jobmesse-500x375.jpg 500w\" sizes=\"auto, (max-width: 650px) 100vw, 650px\" \/><\/span><\/div><\/div><\/div><\/div><div data-bb-version=\"5.1.4\"  class=\"bt_bb_column col-xxl-6 col-xl-6 col-xs-12 col-sm-6 col-md-6 col-lg-6 order-mobile-1 bt_bb_vertical_align_top bt_bb_align_left bt_bb_padding_none\" style=\"; --column-width:6;\" data-width=\"6\" data-bt-override-class=\"{&quot;bt_bb_align_&quot;:{&quot;current_class&quot;:&quot;bt_bb_align_left&quot;,&quot;def&quot;:&quot;left&quot;},&quot;bt_bb_padding_&quot;:{&quot;current_class&quot;:&quot;bt_bb_padding_none&quot;,&quot;def&quot;:&quot;none&quot;}}\"><div class=\"bt_bb_column_content\"><div class=\"bt_bb_column_content_inner\"><div data-bb-version=\"5.1.4\"  class=\"bt_bb_text\" ><\/p>\n<h2>Opportunities for Visitors<\/h2>\n<p>At the <strong>vetjobs24 CAREER CORNER<\/strong> you can establish direct, personal contact with potential employers from practices, clinics, industry and the public sector \u2013 without the hassle of extensive preparation, application materials, or additional travel. Alternatively, you can easily schedule one-on-one meetings through the \u201eMeet &amp; Match\u201c feature on <a href=\"http:\/\/www.vetjobs24.com\">www.vetjobs24.com<\/a>.<\/p>\n<p>Experienced career advisors from <strong>Hardenberg Consulting<\/strong> will be available on-site for spontaneous one-on-one discussions.<\/p>\n<p><strong>Free travel for students<\/strong> from German university cities \u2013 sponsored by <strong>Dechra<\/strong>.<\/p>\n<p><a href=\"\/magazin\/wp-content\/uploads\/Aussteller-der-vetjobs24-CAREER-CORNER-seit-2020-1.pdf\" target=\"_blank\" rel=\"noopener\">Which exhibitors have been there so far?<\/a><\/p>\n<p>\n<\/div><\/div><\/div><\/div><\/div><\/div><div data-bb-version=\"5.1.4\" class=\"bt_bb_row \"  data-bt-override-class=\"{}\"><div class=\"bt_bb_row_holder\" ><div data-bb-version=\"5.1.4\"  class=\"bt_bb_column col-xxl-6 col-xl-6 col-xs-12 col-sm-6 col-md-6 col-lg-6 order-mobile-1 bt_bb_vertical_align_top bt_bb_align_left bt_bb_padding_none\" style=\"; --column-width:6;\" data-width=\"6\" data-bt-override-class=\"{&quot;bt_bb_align_&quot;:{&quot;current_class&quot;:&quot;bt_bb_align_left&quot;,&quot;def&quot;:&quot;left&quot;},&quot;bt_bb_padding_&quot;:{&quot;current_class&quot;:&quot;bt_bb_padding_none&quot;,&quot;def&quot;:&quot;none&quot;}}\"><div class=\"bt_bb_column_content\"><div class=\"bt_bb_column_content_inner\"><div data-bb-version=\"5.1.4\"  class=\"bt_bb_text\" ><\/p>\n<p>The job fair also features a compelling, free program:<\/p>\n<ul>\n<li><strong>Workshops on career-relevant topics<\/strong> (e.g., application training, resum\u00e9 checks) \u2192 <a href=\"\/magazin\/wp-content\/uploads\/Workshop-Programm_2026.pdf\" target=\"_blank\" rel=\"noopener\"><u>Click here for the workshop program<\/u><\/a> coming soon<\/li>\n<li><strong>Career Orientation Day<\/strong> \u2013 on Saturday, the 17<sup>th<\/sup> of January 2026 \u2013 designed for career starters, students, and international veterinarians. We offer exciting insights into the diverse opportunities within the veterinary profession! Renowned speakers from various fields such as the pharmaceutical industry, research, medical technology, and practice networks will provide an up-close look at their professional environments. \u2192 <a href=\"\/magazin\/wp-content\/uploads\/Programm-BOT-17.01.2026_final.pdf\" target=\"_blank\" rel=\"noopener\"><u>Click here for the Career Orientation Day program<\/u><\/a> coming soon<\/li>\n<li><strong>vetjobs24 AFTER-WORK-PARTY: <span id=\"wpaicg-chat-message-22789\" class=\"wpaicg-chat-message\">The relaxed socialising event and the perfect opportunity to combine professional networking with celebrating together with veterinary colleagues. Thursday<\/span><\/strong>, 15 January 2026<strong>, 6:00 PM \u2013 9:00 PM<\/strong> at vetjobs24 C<strong>AREER CORNER, <span id=\"wpaicg-chat-message-37354\" class=\"wpaicg-chat-message\">Trade fair hall 2, booth F30.<\/span><\/strong><\/li>\n<\/ul>\n<p>\n<\/div><\/div><\/div><\/div><div data-bb-version=\"5.1.4\"  class=\"bt_bb_column col-xxl-6 col-xl-6 col-xs-12 col-sm-6 col-md-6 col-lg-6 order-mobile-2 bt_bb_vertical_align_top bt_bb_align_left bt_bb_padding_none\" style=\"; --column-width:6;\" data-width=\"6\" data-bt-override-class=\"{&quot;bt_bb_align_&quot;:{&quot;current_class&quot;:&quot;bt_bb_align_left&quot;,&quot;def&quot;:&quot;left&quot;},&quot;bt_bb_padding_&quot;:{&quot;current_class&quot;:&quot;bt_bb_padding_none&quot;,&quot;def&quot;:&quot;none&quot;}}\"><div class=\"bt_bb_column_content\"><div class=\"bt_bb_column_content_inner\"><div data-bb-version=\"5.1.4\" class=\"bt_bb_image content-img bt_bb_shape_square bt_bb_target_self bt_bb_align_inherit bt_bb_hover_style_simple bt_bb_content_display_always bt_bb_content_align_middle\" data-bt-override-class=\"{&quot;bt_bb_align_&quot;:{&quot;current_class&quot;:&quot;bt_bb_align_inherit&quot;,&quot;def&quot;:&quot;inherit&quot;},&quot;bt_bb_content_display_&quot;:{&quot;current_class&quot;:&quot;bt_bb_content_display_always&quot;,&quot;def&quot;:&quot;always&quot;}}\"><span><img loading=\"lazy\" decoding=\"async\" width=\"1239\" height=\"713\" src=\"https:\/\/vetjobs24.com\/magazin\/wp-content\/uploads\/career-patry.jpg\" class=\"attachment-full size-full\" alt=\"Party auf der Jobboerse\" data-full_image_src=\"https:\/\/vetjobs24.com\/magazin\/wp-content\/uploads\/career-patry.jpg\" title=\"career-patry\" srcset=\"https:\/\/vetjobs24.com\/magazin\/wp-content\/uploads\/career-patry.jpg 1239w, https:\/\/vetjobs24.com\/magazin\/wp-content\/uploads\/career-patry-500x288.jpg 500w, https:\/\/vetjobs24.com\/magazin\/wp-content\/uploads\/career-patry-768x442.jpg 768w, https:\/\/vetjobs24.com\/magazin\/wp-content\/uploads\/career-patry-1200x691.jpg 1200w\" sizes=\"auto, (max-width: 1239px) 100vw, 1239px\" \/><\/span><\/div><\/div><\/div><\/div><\/div><\/div><div data-bb-version=\"5.1.4\" class=\"bt_bb_row \"  data-bt-override-class=\"{}\"><div class=\"bt_bb_row_holder\" ><div data-bb-version=\"5.1.4\"  class=\"bt_bb_column col-xxl-12 col-xl-12 col-xs-12 col-sm-12 col-md-12 col-lg-12 bt_bb_vertical_align_top bt_bb_align_left bt_bb_padding_normal\" style=\"; --column-width:12;\" data-width=\"12\" data-bt-override-class=\"{}\"><div class=\"bt_bb_column_content\"><div class=\"bt_bb_column_content_inner\"><div data-bb-version=\"5.1.4\"  class=\"bt_bb_text\" ><\/p>\n<p><strong>This is where key decisions for your professional future are made.<br \/>\n<\/strong><strong>vetjobs24 Career Corner in cooperation with Hardenberg Consulting.<\/strong><\/p>\n<p>\u00a0<\/p>\n<p>\n<\/div><\/div><\/div><\/div><\/div><\/div><\/div><!-- cell_inner --><\/div><!-- cell --><\/div><!-- port --><\/section>\n","protected":false},"excerpt":{"rendered":"","protected":false},"author":3,"featured_media":0,"parent":0,"menu_order":0,"comment_status":"closed","ping_status":"closed","template":"","meta":{"footnotes":""},"class_list":["post-452","page","type-page","status-publish","hentry"],"yoast_head":"<!-- This site is optimized with the Yoast SEO plugin v27.3 - https:\/\/yoast.com\/product\/yoast-seo-wordpress\/ -->\n<title>Jobmesse Tiermedizin - Jobb\u00f6rse f\u00fcr Veterin\u00e4rmedizin<\/title>\n<meta name=\"description\" content=\"Die Career Corner von vetjobs24 ist eine Jobb\u00f6rse f\u00fcr Tiermediziner. Jobmesse f\u00fcr die Veterin\u00e4rmedizin. F\u00fcr Arbeitgeber und Jobsuchende.\" \/>\n<meta name=\"robots\" content=\"index, follow, max-snippet:-1, max-image-preview:large, max-video-preview:-1\" \/>\n<link rel=\"canonical\" href=\"https:\/\/vetjobs24.com\/magazin\/job-fair-for-veterinary-medicine\" \/>\n<meta property=\"og:locale\" content=\"de_DE\" \/>\n<meta property=\"og:type\" content=\"article\" \/>\n<meta property=\"og:title\" content=\"Jobmesse Tiermedizin - Jobb\u00f6rse f\u00fcr Veterin\u00e4rmedizin\" \/>\n<meta property=\"og:description\" content=\"Die Career Corner von vetjobs24 ist eine Jobb\u00f6rse f\u00fcr Tiermediziner. Jobmesse f\u00fcr die Veterin\u00e4rmedizin. F\u00fcr Arbeitgeber und Jobsuchende.\" \/>\n<meta property=\"og:url\" content=\"https:\/\/vetjobs24.com\/magazin\/job-fair-for-veterinary-medicine\" \/>\n<meta property=\"og:site_name\" content=\"Vetjobs24\" \/>\n<meta property=\"article:modified_time\" content=\"2025-12-12T11:54:29+00:00\" \/>\n<meta name=\"twitter:card\" content=\"summary_large_image\" \/>\n<meta name=\"twitter:label1\" content=\"Gesch\u00e4tzte Lesezeit\" \/>\n\t<meta name=\"twitter:data1\" content=\"4\u00a0Minuten\" \/>\n<script type=\"application\/ld+json\" class=\"yoast-schema-graph\">{\"@context\":\"https:\\\/\\\/schema.org\",\"@graph\":[{\"@type\":\"WebPage\",\"@id\":\"https:\\\/\\\/vetjobs24.com\\\/magazin\\\/job-fair-for-veterinary-medicine\",\"url\":\"https:\\\/\\\/vetjobs24.com\\\/magazin\\\/job-fair-for-veterinary-medicine\",\"name\":\"Jobmesse Tiermedizin - Jobb\u00f6rse f\u00fcr Veterin\u00e4rmedizin\",\"isPartOf\":{\"@id\":\"https:\\\/\\\/vetjobs24.com\\\/magazin\\\/#website\"},\"datePublished\":\"2025-04-11T13:56:38+00:00\",\"dateModified\":\"2025-12-12T11:54:29+00:00\",\"description\":\"Die Career Corner von vetjobs24 ist eine Jobb\u00f6rse f\u00fcr Tiermediziner. Jobmesse f\u00fcr die Veterin\u00e4rmedizin. F\u00fcr Arbeitgeber und Jobsuchende.\",\"breadcrumb\":{\"@id\":\"https:\\\/\\\/vetjobs24.com\\\/magazin\\\/job-fair-for-veterinary-medicine#breadcrumb\"},\"inLanguage\":\"de\",\"potentialAction\":[{\"@type\":\"ReadAction\",\"target\":[\"https:\\\/\\\/vetjobs24.com\\\/magazin\\\/job-fair-for-veterinary-medicine\"]}]},{\"@type\":\"BreadcrumbList\",\"@id\":\"https:\\\/\\\/vetjobs24.com\\\/magazin\\\/job-fair-for-veterinary-medicine#breadcrumb\",\"itemListElement\":[{\"@type\":\"ListItem\",\"position\":1,\"name\":\"Home\",\"item\":\"https:\\\/\\\/vetjobs24.com\\\/magazin\\\/\"},{\"@type\":\"ListItem\",\"position\":2,\"name\":\"Job Fair for Veterinary Medicine\"}]},{\"@type\":\"WebSite\",\"@id\":\"https:\\\/\\\/vetjobs24.com\\\/magazin\\\/#website\",\"url\":\"https:\\\/\\\/vetjobs24.com\\\/magazin\\\/\",\"name\":\"Vetjobs24\",\"description\":\"\",\"publisher\":{\"@id\":\"https:\\\/\\\/vetjobs24.com\\\/magazin\\\/#organization\"},\"potentialAction\":[{\"@type\":\"SearchAction\",\"target\":{\"@type\":\"EntryPoint\",\"urlTemplate\":\"https:\\\/\\\/vetjobs24.com\\\/magazin\\\/?s={search_term_string}\"},\"query-input\":{\"@type\":\"PropertyValueSpecification\",\"valueRequired\":true,\"valueName\":\"search_term_string\"}}],\"inLanguage\":\"de\"},{\"@type\":\"Organization\",\"@id\":\"https:\\\/\\\/vetjobs24.com\\\/magazin\\\/#organization\",\"name\":\"Hardenberg Consulting GmbH\",\"url\":\"https:\\\/\\\/vetjobs24.com\\\/magazin\\\/\",\"logo\":{\"@type\":\"ImageObject\",\"inLanguage\":\"de\",\"@id\":\"https:\\\/\\\/vetjobs24.com\\\/magazin\\\/#\\\/schema\\\/logo\\\/image\\\/\",\"url\":\"https:\\\/\\\/vetjobs24.com\\\/magazin\\\/wp-content\\\/uploads\\\/2021\\\/02\\\/logo_vetjobs24.png\",\"contentUrl\":\"https:\\\/\\\/vetjobs24.com\\\/magazin\\\/wp-content\\\/uploads\\\/2021\\\/02\\\/logo_vetjobs24.png\",\"width\":148,\"height\":55,\"caption\":\"Hardenberg Consulting GmbH\"},\"image\":{\"@id\":\"https:\\\/\\\/vetjobs24.com\\\/magazin\\\/#\\\/schema\\\/logo\\\/image\\\/\"}}]}<\/script>\n<!-- \/ Yoast SEO plugin. -->","yoast_head_json":{"title":"Jobmesse Tiermedizin - Jobb\u00f6rse f\u00fcr Veterin\u00e4rmedizin","description":"Die Career Corner von vetjobs24 ist eine Jobb\u00f6rse f\u00fcr Tiermediziner. Jobmesse f\u00fcr die Veterin\u00e4rmedizin. F\u00fcr Arbeitgeber und Jobsuchende.","robots":{"index":"index","follow":"follow","max-snippet":"max-snippet:-1","max-image-preview":"max-image-preview:large","max-video-preview":"max-video-preview:-1"},"canonical":"https:\/\/vetjobs24.com\/magazin\/job-fair-for-veterinary-medicine","og_locale":"de_DE","og_type":"article","og_title":"Jobmesse Tiermedizin - Jobb\u00f6rse f\u00fcr Veterin\u00e4rmedizin","og_description":"Die Career Corner von vetjobs24 ist eine Jobb\u00f6rse f\u00fcr Tiermediziner. Jobmesse f\u00fcr die Veterin\u00e4rmedizin. F\u00fcr Arbeitgeber und Jobsuchende.","og_url":"https:\/\/vetjobs24.com\/magazin\/job-fair-for-veterinary-medicine","og_site_name":"Vetjobs24","article_modified_time":"2025-12-12T11:54:29+00:00","twitter_card":"summary_large_image","twitter_misc":{"Gesch\u00e4tzte Lesezeit":"4\u00a0Minuten"},"schema":{"@context":"https:\/\/schema.org","@graph":[{"@type":"WebPage","@id":"https:\/\/vetjobs24.com\/magazin\/job-fair-for-veterinary-medicine","url":"https:\/\/vetjobs24.com\/magazin\/job-fair-for-veterinary-medicine","name":"Jobmesse Tiermedizin - Jobb\u00f6rse f\u00fcr Veterin\u00e4rmedizin","isPartOf":{"@id":"https:\/\/vetjobs24.com\/magazin\/#website"},"datePublished":"2025-04-11T13:56:38+00:00","dateModified":"2025-12-12T11:54:29+00:00","description":"Die Career Corner von vetjobs24 ist eine Jobb\u00f6rse f\u00fcr Tiermediziner. Jobmesse f\u00fcr die Veterin\u00e4rmedizin. F\u00fcr Arbeitgeber und Jobsuchende.","breadcrumb":{"@id":"https:\/\/vetjobs24.com\/magazin\/job-fair-for-veterinary-medicine#breadcrumb"},"inLanguage":"de","potentialAction":[{"@type":"ReadAction","target":["https:\/\/vetjobs24.com\/magazin\/job-fair-for-veterinary-medicine"]}]},{"@type":"BreadcrumbList","@id":"https:\/\/vetjobs24.com\/magazin\/job-fair-for-veterinary-medicine#breadcrumb","itemListElement":[{"@type":"ListItem","position":1,"name":"Home","item":"https:\/\/vetjobs24.com\/magazin\/"},{"@type":"ListItem","position":2,"name":"Job Fair for Veterinary Medicine"}]},{"@type":"WebSite","@id":"https:\/\/vetjobs24.com\/magazin\/#website","url":"https:\/\/vetjobs24.com\/magazin\/","name":"Vetjobs24","description":"","publisher":{"@id":"https:\/\/vetjobs24.com\/magazin\/#organization"},"potentialAction":[{"@type":"SearchAction","target":{"@type":"EntryPoint","urlTemplate":"https:\/\/vetjobs24.com\/magazin\/?s={search_term_string}"},"query-input":{"@type":"PropertyValueSpecification","valueRequired":true,"valueName":"search_term_string"}}],"inLanguage":"de"},{"@type":"Organization","@id":"https:\/\/vetjobs24.com\/magazin\/#organization","name":"Hardenberg Consulting GmbH","url":"https:\/\/vetjobs24.com\/magazin\/","logo":{"@type":"ImageObject","inLanguage":"de","@id":"https:\/\/vetjobs24.com\/magazin\/#\/schema\/logo\/image\/","url":"https:\/\/vetjobs24.com\/magazin\/wp-content\/uploads\/2021\/02\/logo_vetjobs24.png","contentUrl":"https:\/\/vetjobs24.com\/magazin\/wp-content\/uploads\/2021\/02\/logo_vetjobs24.png","width":148,"height":55,"caption":"Hardenberg Consulting GmbH"},"image":{"@id":"https:\/\/vetjobs24.com\/magazin\/#\/schema\/logo\/image\/"}}]}},"_links":{"self":[{"href":"https:\/\/vetjobs24.com\/magazin\/wp-json\/wp\/v2\/pages\/452","targetHints":{"allow":["GET"]}}],"collection":[{"href":"https:\/\/vetjobs24.com\/magazin\/wp-json\/wp\/v2\/pages"}],"about":[{"href":"https:\/\/vetjobs24.com\/magazin\/wp-json\/wp\/v2\/types\/page"}],"author":[{"embeddable":true,"href":"https:\/\/vetjobs24.com\/magazin\/wp-json\/wp\/v2\/users\/3"}],"replies":[{"embeddable":true,"href":"https:\/\/vetjobs24.com\/magazin\/wp-json\/wp\/v2\/comments?post=452"}],"version-history":[{"count":12,"href":"https:\/\/vetjobs24.com\/magazin\/wp-json\/wp\/v2\/pages\/452\/revisions"}],"predecessor-version":[{"id":512,"href":"https:\/\/vetjobs24.com\/magazin\/wp-json\/wp\/v2\/pages\/452\/revisions\/512"}],"wp:attachment":[{"href":"https:\/\/vetjobs24.com\/magazin\/wp-json\/wp\/v2\/media?parent=452"}],"curies":[{"name":"wp","href":"https:\/\/api.w.org\/{rel}","templated":true}]}}